{"id":10432,"date":"2021-03-25T13:14:41","date_gmt":"2021-03-25T13:14:41","guid":{"rendered":"https:\/\/xbitcc.com\/?page_id=10432"},"modified":"2021-09-05T08:18:06","modified_gmt":"2021-09-05T08:18:06","slug":"contacts","status":"publish","type":"page","link":"https:\/\/xbitcc.com\/es\/contacts\/","title":{"rendered":"Cont\u00e1ctenos"},"content":{"rendered":"<p><section class=\"kc-elm kc-css-310214 kc_row\"><div class=\"befbgr\" data-ssc-svg=\"\" data-ssc-img-s=\"\" data-ssc-img-anim=\"\"><\/div><div class=\"befbgr\" data-ssc-svg=\"\" data-ssc-img-s=\"\" data-ssc-img-anim=\"\"><\/div><div class=\"aftbgr\" data-ssc-svg=\"\" data-ssc-img-s=\"\" data-ssc-img-anim=\"\"><\/div><div class=\"aftbgr\" data-ssc-svg=\"\" data-ssc-img-s=\"\" data-ssc-img-anim=\"\"><\/div><div class=\"befbgr5\" data-ssc-svg=\"\" data-ssc-img-s=\"\" data-ssc-img-anim=\"\"><\/div><div class=\"befbgr6\" data-ssc-svg=\"\" data-ssc-img-s=\"\" data-ssc-img-anim=\"\"><\/div><div class=\"aftbgr7\" data-ssc-svg=\"\" data-ssc-img-s=\"\" data-ssc-img-anim=\"\"><\/div><div class=\"aftbgr8\" data-ssc-svg=\"\" data-ssc-img-s=\"\" data-ssc-img-anim=\"\"><\/div><div class=\"kc-row-container  kc-container\"><div class=\"kc-wrap-columns\"><div class=\"kc-elm kc-css-315555 kc_col-sm-12 kc_column kc_col-sm-12\"><div class=\"kc-col-container\"><div  class=\"ssc_mltttl  kc-elm kc-css-663774 \"><h1 class=\"wr deb derb dea dera none nonea\"><span class=\"t1\">Contact Us<\/span><\/h1><\/div>\n<div class=\"kc-elm kc-css-201581 divider_line\">\n\t<div class=\"divider_inner divider_line1\">\n\t\t\t<\/div>\n<\/div>\n<div  class=\"ssc-breadcrumbs kc-elm kc-css-263365 \"><a class=\"ssc-breadcrumb-home\"  rel=\"v:url\" property=\"v:title\" href=\"https:\/\/xbitcc.com\/es\/\">Home<\/a><span class=\"divider\">\/<\/span><span class=\"ssc-breadcrumb\">P\u00e1gina<\/span><\/div><\/div><\/div><\/div><\/div><\/section><section class=\"kc-elm kc-css-314781 kc_row\"><div class=\"befbgr\" data-ssc-svg=\"\" data-ssc-img-s=\"\" data-ssc-img-anim=\"\"><\/div><div class=\"befbgr\" data-ssc-svg=\"\" data-ssc-img-s=\"\" data-ssc-img-anim=\"\"><\/div><div class=\"aftbgr\" data-ssc-svg=\"\" data-ssc-img-s=\"\" data-ssc-img-anim=\"\"><\/div><div class=\"aftbgr\" data-ssc-svg=\"\" data-ssc-img-s=\"\" data-ssc-img-anim=\"\"><\/div><div class=\"befbgr5\" data-ssc-svg=\"\" data-ssc-img-s=\"\" data-ssc-img-anim=\"\"><\/div><div class=\"befbgr6\" data-ssc-svg=\"\" data-ssc-img-s=\"\" data-ssc-img-anim=\"\"><\/div><div class=\"aftbgr7\" data-ssc-svg=\"\" data-ssc-img-s=\"\" data-ssc-img-anim=\"\"><\/div><div class=\"aftbgr8\" data-ssc-svg=\"\" data-ssc-img-s=\"\" data-ssc-img-anim=\"\"><\/div><div class=\"kc-row-container  kc-container\"><div class=\"kc-wrap-columns\"><div class=\"kc-elm kc-css-375174 kc_col-sm-12 kc_column kc_col-sm-12\"><div class=\"kc-col-container\"><div  class=\"ssc_mltttl  kc-elm kc-css-521371 subtilines\"><div class=\"wr deb derb dea dera none nonea\"><span class=\"t1\">\u00a1ESPERANDO POR TI!<\/span><h2 class=\"t2\">Informaci\u00f3n Del Contacto<\/h2><\/div><\/div><div class=\"kc-elm kc-css-659968 kc_row kc_row_inner sst-flex-row-inner\"><div class=\"kc-elm kc-css-348465 kc_col-sm-4 kc_column_inner kc_col-sm-4\"><div class=\"kc_wrapper kc-col-inner-container\"><\/div><\/div><div class=\"kc-elm kc-css-812943 kc_col-sm-4 kc_column_inner kc_col-sm-4\"><div class=\"kc_wrapper kc-col-inner-container\"><div  class=\"ssc_icon_box kc-elm kc-css-148505 kc-animated kc-animate-eff-fadeIn template3 \"><div class=\"icon_box\"><div class=\"bgr_icon\"><i class=\"nat-cirlefill\" style=\"font-size:100px; width:100px; height:100px\"><\/i><\/div><div class=\"c_svg\" style=\"margin-top: -100px;\"><div><svg version=\"1.1\" xmlns=\"http:\/\/www.w3.org\/2000\/svg\" xmlns:xlink=\"http:\/\/www.w3.org\/1999\/xlink\" x=\"0px\" y=\"0px\"\r\n\t width=\"400px\" height=\"400px\" viewBox=\"0 0 400 400\" enable-background=\"new 0 0 400 400\" xml:space=\"preserve\">\r\n<g>\r\n\t<g>\r\n\t\t<g>\r\n\t\t\t<path d=\"M379.2,172.9c-0.1-0.1-0.2-0.3-0.2-0.5c-0.3-0.5-0.7-1.1-1.2-1.6l0,0L320,121.4V79.9c0-3.1-2.4-5.5-5.5-5.5H265\r\n\t\t\t\tl-60.6-51.8c-2-1.8-5.1-1.8-7.1,0l-60.6,51.8H87.1c-3,0-5.5,2.4-5.5,5.5v41.5L24,170.8c-0.1,0-0.1,0.2-0.1,0.2\r\n\t\t\t\tc-0.1,0.2-0.2,0.2-0.4,0.3c0,0-0.1,0-0.1,0.2c-0.2,0.1-0.2,0.5-0.4,0.6c-0.1,0-0.1,0.1-0.1,0.1c-0.2,0.2-0.3,0.3-0.4,0.5\r\n\t\t\t\tc0,0.1-0.1,0.1-0.1,0.3c-0.2,0.3-0.2,0.8-0.2,1.1c0,0.3-0.2,0.5-0.2,0.6v198.6c0,3.1,2.4,5.5,5.5,5.5h69.4h196.2h81.1\r\n\t\t\t\tc3,0,5.4-2.4,5.4-5.5V174.8C379.6,174.2,379.5,173.5,379.2,172.9z M365.9,174.8L320,214v-78.3L365.9,174.8z M200.9,33.9\r\n\t\t\t\tl47.4,40.5h-94.9L200.9,33.9z M309.2,85.2v138.1L200.9,316L92.5,223.4V85.2H309.2z M81.6,135.7V214l-45.8-39.2L81.6,135.7z\r\n\t\t\t\t M95.8,368.1H32.9V186.7l212.3,181.4H95.8z M368.8,368.1h-75.1h-31.9l-52.6-45l159.6-136.4V368.1z\"\/>\r\n\t\t\t<path d=\"M374.2,379.9H27.5c-3.6,0-6.5-2.8-6.5-6.5V174.8c0-0.3,0.1-0.5,0.1-0.6v-0.1l0.1-0.2c0-0.1,0-0.2,0-0.3\r\n\t\t\t\tc0-0.3,0.1-0.6,0.2-0.9c0-0.1,0-0.1,0-0.2v-0.1l0.1-0.2c0.1-0.2,0.3-0.4,0.4-0.6c0.1-0.1,0.1-0.2,0.2-0.3c0,0,0,0,0,0\r\n\t\t\t\tc0-0.1,0.1-0.2,0.2-0.3c0.1-0.2,0.2-0.4,0.4-0.5c0,0,0.1-0.1,0.1-0.1c0.1-0.2,0.2-0.3,0.4-0.4l57.2-49v-41c0-3.6,2.8-6.5,6.5-6.5\r\n\t\t\t\th49.2l60.4-51.5c1.1-1,2.6-1.6,4.2-1.6l0,0c1.5,0,3,0.6,4.2,1.6l60.3,51.5h49.2c3.6,0,6.5,2.8,6.5,6.5v41l57.4,49.1\r\n\t\t\t\tc0.5,0.5,0.9,1.1,1.2,1.5l0.3,0.4c0.1,0.2,0.2,0.3,0.2,0.4l0.1,0.1c0.3,0.8,0.5,1.6,0.5,2.3v198.6\r\n\t\t\t\tC380.6,377,377.8,379.9,374.2,379.9z M23.1,174.9v198.5c0,2.5,2,4.5,4.5,4.5h346.7c2.5,0,4.4-2,4.4-4.5V174.8\r\n\t\t\t\tc0-0.4-0.1-0.9-0.3-1.5c-0.1-0.1-0.1-0.3-0.2-0.4l-0.2-0.2c-0.3-0.4-0.6-0.8-0.9-1.2l-58-49.6V79.9c0-2.5-2-4.5-4.5-4.5h-49.9\r\n\t\t\t\tl-0.3-0.2l-60.6-51.8c-1.6-1.4-4.2-1.4-5.8,0l-60.9,52h-50c-2.5,0-4.5,2-4.5,4.5v41.9l-58,49.7c-0.1,0.1-0.2,0.2-0.2,0.2v0.1\r\n\t\t\t\tl-0.3,0.2c0,0,0,0,0,0.1c0,0.1-0.1,0.2-0.2,0.3v0.1l-0.3,0.3c-0.1,0.1-0.1,0.1-0.2,0.2c0,0,0,0,0,0v0.1l-0.1,0.2\r\n\t\t\t\tc0,0.1-0.1,0.3-0.1,0.4c0,0.1,0,0.3-0.1,0.4C23.2,174.6,23.1,174.8,23.1,174.9z M369.8,369.1H261.4l-0.3-0.2l-53.5-45.8l0.9-0.8\r\n\t\t\t\tl161.3-137.8V369.1z M262.1,367.1h105.7V188.9L210.7,323.1L262.1,367.1z M247.9,369.1h-216V184.5L247.9,369.1z M33.9,367.1h208.6\r\n\t\t\t\tL33.9,188.9V367.1z M200.9,317.3l-0.6-0.6L91.5,223.8V84.2h218.7v139.6L200.9,317.3z M93.5,222.9l107.4,91.8l107.3-91.8V86.2\r\n\t\t\t\tH93.5V222.9z M319,216.2v-82.6l48.4,41.2L319,216.2z M321,137.9v74l43.3-37.1L321,137.9z M82.6,216.2l-48.4-41.4l48.4-41.2V216.2\r\n\t\t\t\tz M37.3,174.8l43.3,37.1v-74L37.3,174.8z M251,75.5H150.7l50.2-42.8L251,75.5z M156.1,73.5h89.5l-44.7-38.2L156.1,73.5z\"\/>\r\n\t\t<\/g>\r\n\t<\/g>\r\n\t<g>\r\n\t\t<g>\r\n\t\t\t<path d=\"M119.6,161.9h162.6c3,0,5.4-2.4,5.4-5.5v-44c0-3.1-2.4-5.5-5.4-5.5H119.6c-3,0-5.4,2.4-5.4,5.5v44\r\n\t\t\t\tC114.2,159.5,116.6,161.9,119.6,161.9z M125.1,117.9h151.6V151H125.1V117.9z\"\/>\r\n\t\t\t<path d=\"M282.2,162.9H119.6c-3.6,0-6.4-2.8-6.4-6.5v-44c0-3.6,2.8-6.5,6.4-6.5h162.6c3.6,0,6.4,2.8,6.4,6.5v44\r\n\t\t\t\tC288.6,160.1,285.8,162.9,282.2,162.9z M119.6,107.9c-2.5,0-4.4,2-4.4,4.5v44c0,2.5,1.9,4.5,4.4,4.5h162.6c2.5,0,4.4-2,4.4-4.5\r\n\t\t\t\tv-44c0-2.5-1.9-4.5-4.4-4.5H119.6z M277.7,152H124.1v-35.1h153.6V152z M126.1,150h149.6v-31.1H126.1V150z\"\/>\r\n\t\t<\/g>\r\n\t<\/g>\r\n\t<g>\r\n\t\t<g>\r\n\t\t\t<path d=\"M282.2,183.5h-65c-3,0-5.4,2.6-5.4,5.5c0,3.1,2.4,5.5,5.4,5.5h65c3,0,5.4-2.4,5.4-5.5\r\n\t\t\t\tC287.6,186.1,285.2,183.5,282.2,183.5z\"\/>\r\n\t\t\t<path d=\"M282.2,195.4h-65c-3.6,0-6.4-2.8-6.4-6.5c0-3.5,2.9-6.5,6.4-6.5h65c3.5,0,6.4,3,6.4,6.5\r\n\t\t\t\tC288.6,192.6,285.8,195.4,282.2,195.4z M217.1,184.5c-2.4,0-4.4,2-4.4,4.5c0,2.5,1.9,4.5,4.4,4.5h65c2.5,0,4.4-2,4.4-4.5\r\n\t\t\t\tc0-2.4-2-4.5-4.4-4.5H217.1z\"\/>\r\n\t\t<\/g>\r\n\t<\/g>\r\n\t<g>\r\n\t\t<g>\r\n\t\t\t<path d=\"M119.6,194.4h65c3,0,5.4-2.4,5.4-5.5c0-2.9-2.4-5.5-5.4-5.5h-65c-3,0-5.4,2.6-5.4,5.5C114.2,192,116.6,194.4,119.6,194.4\r\n\t\t\t\tz\"\/>\r\n\t\t\t<path d=\"M184.6,195.4h-65c-3.6,0-6.4-2.8-6.4-6.5c0-3.5,2.9-6.5,6.4-6.5h65c3.5,0,6.4,3,6.4,6.5\r\n\t\t\t\tC191,192.6,188.2,195.4,184.6,195.4z M119.6,184.5c-2.4,0-4.4,2-4.4,4.5c0,2.5,1.9,4.5,4.4,4.5h65c2.5,0,4.4-2,4.4-4.5\r\n\t\t\t\tc0-2.4-2-4.5-4.4-4.5H119.6z\"\/>\r\n\t\t<\/g>\r\n\t<\/g>\r\n\t<g>\r\n\t\t<g>\r\n\t\t\t<path d=\"M282.2,216.1h-65c-3,0-5.4,2.4-5.4,5.3c0,3,2.4,5.5,5.4,5.5h65c3,0,5.4-2.4,5.4-5.5C287.6,218.5,285.2,216.1,282.2,216.1\r\n\t\t\t\tz\"\/>\r\n\t\t\t<path d=\"M282.2,227.9h-65c-3.5,0-6.4-2.9-6.4-6.5c0-3.5,2.9-6.3,6.4-6.3h65c3.5,0,6.4,2.8,6.4,6.3\r\n\t\t\t\tC288.6,225,285.7,227.9,282.2,227.9z M217.1,217.1c-2.4,0-4.4,1.9-4.4,4.3c0,2.5,2,4.5,4.4,4.5h65c2.4,0,4.4-2,4.4-4.5\r\n\t\t\t\tc0-2.4-2-4.3-4.4-4.3H217.1z\"\/>\r\n\t\t<\/g>\r\n\t<\/g>\r\n\t<g>\r\n\t\t<g>\r\n\t\t\t<path d=\"M119.6,226.9h65c3,0,5.4-2.4,5.4-5.5c0-2.9-2.4-5.3-5.4-5.3h-65c-3,0-5.4,2.4-5.4,5.3\r\n\t\t\t\tC114.2,224.5,116.6,226.9,119.6,226.9z\"\/>\r\n\t\t\t<path d=\"M184.6,227.9h-65c-3.5,0-6.4-2.9-6.4-6.5c0-3.5,2.9-6.3,6.4-6.3h65c3.5,0,6.4,2.8,6.4,6.3\r\n\t\t\t\tC191,225,188.2,227.9,184.6,227.9z M119.6,217.1c-2.4,0-4.4,1.9-4.4,4.3c0,2.5,2,4.5,4.4,4.5h65c2.4,0,4.4-2,4.4-4.5\r\n\t\t\t\tc0-2.4-2-4.3-4.4-4.3H119.6z\"\/>\r\n\t\t<\/g>\r\n\t<\/g>\r\n\t<g>\r\n\t\t<g>\r\n\t\t\t<path d=\"M244.2,248.6h-27.1c-3,0-5.4,2.4-5.4,5.5c0,2.9,2.4,5.3,5.4,5.3h27.1c3,0,5.4-2.4,5.4-5.3\r\n\t\t\t\tC249.6,251,247.2,248.6,244.2,248.6z\"\/>\r\n\t\t\t<path d=\"M244.2,260.4h-27.1c-3.5,0-6.4-2.8-6.4-6.3c0-3.6,2.9-6.5,6.4-6.5h27.1c3.5,0,6.4,2.9,6.4,6.5\r\n\t\t\t\tC250.6,257.6,247.7,260.4,244.2,260.4z M217.1,249.6c-2.4,0-4.4,2-4.4,4.5c0,2.4,2,4.3,4.4,4.3h27.1c2.4,0,4.4-1.9,4.4-4.3\r\n\t\t\t\tc0-2.5-2-4.5-4.4-4.5H217.1z\"\/>\r\n\t\t<\/g>\r\n\t<\/g>\r\n\t<g>\r\n\t\t<g>\r\n\t\t\t<path d=\"M190,254.1c0-3-2.4-5.5-5.4-5.5h-27.1c-3.1,0-5.5,2.4-5.5,5.5c0,2.9,2.4,5.3,5.5,5.3h27.1C187.6,259.4,190,257,190,254.1\r\n\t\t\t\tz\"\/>\r\n\t\t\t<path d=\"M184.6,260.4h-27.1c-3.6,0-6.5-2.8-6.5-6.3c0-3.6,2.8-6.5,6.5-6.5h27.1c3.5,0,6.4,2.9,6.4,6.5\r\n\t\t\t\tC191,257.6,188.2,260.4,184.6,260.4z M157.6,249.6c-2.5,0-4.5,2-4.5,4.5c0,2.4,2,4.3,4.5,4.3h27.1c2.4,0,4.4-1.9,4.4-4.3\r\n\t\t\t\tc0-2.5-1.9-4.5-4.4-4.5H157.6z\"\/>\r\n\t\t<\/g>\r\n\t<\/g>\r\n\t<g>\r\n\t\t<g>\r\n\t\t\t<path d=\"M211.7,281.1H190c-3,0-5.4,2.4-5.4,5.5c0,2.9,2.4,5.3,5.4,5.3h21.7c3,0,5.4-2.4,5.4-5.3\r\n\t\t\t\tC217.1,283.5,214.7,281.1,211.7,281.1z\"\/>\r\n\t\t\t<path d=\"M211.7,292.9H190c-3.5,0-6.4-2.8-6.4-6.3c0-3.6,2.9-6.5,6.4-6.5h21.7c3.5,0,6.4,2.9,6.4,6.5\r\n\t\t\t\tC218.1,290,215.3,292.9,211.7,292.9z M190,282.1c-2.4,0-4.4,2-4.4,4.5c0,2.4,2,4.3,4.4,4.3h21.7c2.4,0,4.4-1.9,4.4-4.3\r\n\t\t\t\tc0-2.5-2-4.5-4.4-4.5H190z\"\/>\r\n\t\t<\/g>\r\n\t<\/g>\r\n<\/g>\r\n<\/svg>\r\n<\/div><\/div><\/div><div class=\"cont_box\"><div class=\"title\">Escr\u00edbenos<\/div><div class=\"description lines0\"><\/p>\n<p><a title=\"info@xbitcc.com \" href=\"mailto:info@xbitcc.com\">info@xbitcc.com<\/a><\/p>\n<p><\/div><\/div><\/div><\/div><\/div><div class=\"kc-elm kc-css-915857 kc_col-sm-4 kc_column_inner kc_col-sm-4\"><div class=\"kc_wrapper kc-col-inner-container\"><\/div><\/div><\/div><div class=\"kc-elm kc-css-732759 kc_row kc_row_inner sst-flex-row-inner\"><div class=\"kc-elm kc-css-425622 kc_col-sm-6 kc_column_inner kc_col-sm-6\"><div class=\"kc_wrapper kc-col-inner-container\"><div class=\"kc-elm kc-css-784603 kc_shortcode kc_single_image\">\n\n        <img    data-src=\"https:\/\/xbitcc.com\/wp-content\/uploads\/2021\/05\/contact-xbit.jpg\" class=\" lazyload\" alt=\"\" \/>    <\/div>\n<\/div><\/div><div class=\"kc-elm kc-css-143574 kc_col-sm-6 kc_column_inner kc_col-sm-6\"><div class=\"kc_wrapper kc-col-inner-container\"><div  class=\"ssc_mltttl  kc-elm kc-css-657805 subtiline\"><div class=\"wr deb derb dea dera none nonea\"><span class=\"t1\">DEJANOS UNA LINEA<\/span><h2 class=\"t2\">Enviar Un Mensaje<\/h2><\/div><\/div><div  class=\"ssc_caldf kc-elm kc-css-160475 \"><div class=\"caldera-grid\" id=\"caldera_form_1\" data-cf-ver=\"1.9.3\" data-cf-form-id=\"CF60ae79b1ccd8f\"><div id=\"caldera_notices_1\" data-spinner=\"https:\/\/xbitcc.com\/wp-admin\/images\/spinner.gif\"><\/div><form data-instance=\"1\" class=\"CF60ae79b1ccd8f caldera_forms_form cfajax-trigger\" method=\"POST\" enctype=\"multipart\/form-data\" id=\"CF60ae79b1ccd8f_1\" data-form-id=\"CF60ae79b1ccd8f\" aria-label=\"4fields spanish\" data-target=\"#caldera_notices_1\" data-template=\"#cfajax_CF60ae79b1ccd8f-tmpl\" data-cfajax=\"CF60ae79b1ccd8f\" data-load-element=\"_parent\" data-load-class=\"cf_processing\" data-post-disable=\"0\" data-action=\"cf_process_ajax_submit\" data-request=\"https:\/\/xbitcc.com\/es\/\/cf-api\/CF60ae79b1ccd8f\" data-hiderows=\"true\">\r\n<input type=\"hidden\" id=\"_cf_verify_CF60ae79b1ccd8f\" name=\"_cf_verify\" value=\"06846b43df\"  data-nonce-time=\"1776780650\" \/><input type=\"hidden\" name=\"_wp_http_referer\" value=\"\/es\/wp-json\/wp\/v2\/pages\/10432\" \/><div id=\"cf2-CF60ae79b1ccd8f_1\"><\/div><input type=\"hidden\" name=\"_cf_frm_id\" value=\"CF60ae79b1ccd8f\">\r\n<input type=\"hidden\" name=\"_cf_frm_ct\" value=\"1\">\r\n<input type=\"hidden\" name=\"cfajax\" value=\"CF60ae79b1ccd8f\">\r\n<input type=\"hidden\" name=\"_cf_cr_pst\" value=\"10432\">\r\n<div class=\"hide\" style=\"display:none; overflow:hidden;height:0;width:0;\">\r\n<label>Phone<\/label><input type=\"text\" name=\"phone\" value=\"\" autocomplete=\"off\">\r\n<\/div><div id=\"CF60ae79b1ccd8f_1-row-1\"  class=\"row  first_row\"><div  class=\"col-sm-12  single\"><div data-field-wrapper=\"fld_1637343\" class=\"form-group\" id=\"fld_1637343_1-wrap\">\r\n\t<label id=\"fld_1637343Label\" for=\"fld_1637343_1\" class=\"control-label screen-reader-text sr-only\">Nombre<\/label>\r\n\t<div class=\"\">\r\n\t\t<input placeholder=\"Nombre\"  required type=\"text\" data-field=\"fld_1637343\" class=\" form-control\" id=\"fld_1637343_1\" name=\"fld_1637343\" value=\"\" data-type=\"text\" aria-required=\"true\"   aria-labelledby=\"fld_1637343Label\" >\t\t\t<\/div>\r\n<\/div>\r\n<\/div><\/div><div id=\"CF60ae79b1ccd8f_1-row-2\"  class=\"row \"><div  class=\"col-sm-12  single\"><div data-field-wrapper=\"fld_862096\" class=\"form-group\" id=\"fld_862096_1-wrap\">\r\n\t<label id=\"fld_862096Label\" for=\"fld_862096_1\" class=\"control-label screen-reader-text sr-only\">Email<\/label>\r\n\t<div class=\"\">\r\n\t\t<input placeholder=\"Email\"   type=\"email\" data-field=\"fld_862096\" class=\" form-control\" id=\"fld_862096_1\" name=\"fld_862096\" value=\"\" data-type=\"email\"   aria-labelledby=\"fld_862096Label\" >\t\t\t<\/div>\r\n<\/div>\r\n<\/div><\/div><div id=\"CF60ae79b1ccd8f_1-row-3\"  class=\"row \"><div  class=\"col-sm-12  single\"><div data-field-wrapper=\"fld_8510004\" class=\"form-group\" id=\"fld_8510004_1-wrap\">\r\n\t<label id=\"fld_8510004Label\" for=\"fld_8510004_1\" class=\"control-label screen-reader-text sr-only\">Phone<\/label>\r\n\t<div class=\"\">\r\n\t\t<input placeholder=\"Phone\"   type=\"tel\" data-field=\"fld_8510004\" class=\" form-control\" id=\"fld_8510004_1\" name=\"fld_8510004\" value=\"\" data-type=\"phone_better\"   aria-labelledby=\"fld_8510004Label\" >\t\t\t<\/div>\r\n<\/div>\r\n<\/div><\/div><div id=\"CF60ae79b1ccd8f_1-row-4\"  class=\"row \"><div  class=\"col-sm-12  single\"><div data-field-wrapper=\"fld_7382878\" class=\"form-group\" id=\"fld_7382878_1-wrap\">\r\n\t<label id=\"fld_7382878Label\" for=\"fld_7382878_1\" class=\"control-label screen-reader-text sr-only\">Mensaje<\/label>\r\n\t<div class=\"\">\r\n\t\t<textarea name=\"fld_7382878\" data-field=\"fld_7382878\" class=\"form-control\" id=\"fld_7382878_1\" rows=\"4\" placeholder=\"Mensaje\"  required=\"required\"  aria-labelledby=\"fld_7382878Label\" ><\/textarea>\n\t\t\t<\/div>\r\n<\/div>\r\n<\/div><\/div><div id=\"CF60ae79b1ccd8f_1-row-5\"  class=\"row  last_row\"><div  class=\"col-sm-12  single\"><div data-field-wrapper=\"fld_1739855\" class=\"form-group\" id=\"fld_1739855_1-wrap\">\r\n<div class=\"\">\r\n\t<input  class=\"btn btn-default\" type=\"submit\" name=\"fld_1739855\" id=\"fld_1739855_1\" value=\"Enviar mensaje\" data-field=\"fld_1739855\"  >\n<\/div>\r\n<\/div>\r\n\t<input class=\"button_trigger_1\" type=\"hidden\" name=\"fld_1739855\" id=\"fld_1739855_1_btn\" value=\"\" data-field=\"fld_1739855\"  \/>\n<\/div><\/div><\/form>\r\n<\/div>\r\n<\/div><\/div><\/div><\/div><\/div><\/div><\/div><\/div><\/section><\/p>\n","protected":false},"excerpt":{"rendered":"","protected":false},"author":4,"featured_media":0,"parent":0,"menu_order":0,"comment_status":"closed","ping_status":"closed","template":"","meta":[],"yoast_head":"<!-- This site is optimized with the Yoast SEO Premium plugin v16.9 (Yoast SEO v20.1) - https:\/\/yoast.com\/wordpress\/plugins\/seo\/ -->\n<title>Cont\u00e1ctenos | Xbit Coin<\/title>\n<meta name=\"description\" content=\"P\u00e1gina de contacto de XBITCC: todo lo que necesita sobre n\u00famero de tel\u00e9fono, correo, fax y todas las formas de contacto. Bienvenido .........\" \/>\n<meta name=\"robots\" content=\"index, follow, max-snippet:-1, max-image-preview:large, max-video-preview:-1\" \/>\n<link rel=\"canonical\" href=\"https:\/\/xbitcc.com\/es\/contacts\/\" \/>\n<meta property=\"og:locale\" content=\"es_ES\" \/>\n<meta property=\"og:type\" content=\"article\" \/>\n<meta property=\"og:title\" content=\"Cont\u00e1ctenos\" \/>\n<meta property=\"og:description\" content=\"P\u00e1gina de contacto de XBITCC: todo lo que necesita sobre n\u00famero de tel\u00e9fono, correo, fax y todas las formas de contacto. Bienvenido .........\" \/>\n<meta property=\"og:url\" content=\"https:\/\/xbitcc.com\/es\/contacts\/\" \/>\n<meta property=\"og:site_name\" content=\"Xbit Coin\" \/>\n<meta property=\"article:modified_time\" content=\"2021-09-05T08:18:06+00:00\" \/>\n<meta property=\"og:image\" content=\"https:\/\/xbitcc.com\/wp-content\/uploads\/2021\/05\/contact-xbit.jpg\" \/>\n<meta name=\"twitter:card\" content=\"summary_large_image\" \/>\n<script type=\"application\/ld+json\" class=\"yoast-schema-graph\">{\"@context\":\"https:\/\/schema.org\",\"@graph\":[{\"@type\":[\"WebPage\",\"ContactPage\"],\"@id\":\"https:\/\/xbitcc.com\/es\/contacts\/\",\"url\":\"https:\/\/xbitcc.com\/es\/contacts\/\",\"name\":\"Cont\u00e1ctenos | Xbit Coin\",\"isPartOf\":{\"@id\":\"https:\/\/xbitcc.com\/#website\"},\"datePublished\":\"2021-03-25T13:14:41+00:00\",\"dateModified\":\"2021-09-05T08:18:06+00:00\",\"description\":\"P\u00e1gina de contacto de XBITCC: todo lo que necesita sobre n\u00famero de tel\u00e9fono, correo, fax y todas las formas de contacto. Bienvenido .........\",\"breadcrumb\":{\"@id\":\"https:\/\/xbitcc.com\/es\/contacts\/#breadcrumb\"},\"inLanguage\":\"es\",\"potentialAction\":[{\"@type\":\"ReadAction\",\"target\":[\"https:\/\/xbitcc.com\/es\/contacts\/\"]}]},{\"@type\":\"BreadcrumbList\",\"@id\":\"https:\/\/xbitcc.com\/es\/contacts\/#breadcrumb\",\"itemListElement\":[{\"@type\":\"ListItem\",\"position\":1,\"name\":\"Home\",\"item\":\"https:\/\/xbitcc.com\/es\/\"},{\"@type\":\"ListItem\",\"position\":2,\"name\":\"Cont\u00e1ctenos\"}]},{\"@type\":\"WebSite\",\"@id\":\"https:\/\/xbitcc.com\/#website\",\"url\":\"https:\/\/xbitcc.com\/\",\"name\":\"Xbit Coin\",\"description\":\"Technical Information of Xbit\",\"publisher\":{\"@id\":\"https:\/\/xbitcc.com\/#organization\"},\"potentialAction\":[{\"@type\":\"SearchAction\",\"target\":{\"@type\":\"EntryPoint\",\"urlTemplate\":\"https:\/\/xbitcc.com\/?s={search_term_string}\"},\"query-input\":\"required name=search_term_string\"}],\"inLanguage\":\"es\"},{\"@type\":\"Organization\",\"@id\":\"https:\/\/xbitcc.com\/#organization\",\"name\":\"xbitcc\",\"url\":\"https:\/\/xbitcc.com\/\",\"logo\":{\"@type\":\"ImageObject\",\"inLanguage\":\"es\",\"@id\":\"https:\/\/xbitcc.com\/#\/schema\/logo\/image\/\",\"url\":\"https:\/\/xbitcc.com\/wp-content\/uploads\/2021\/03\/Artboard-1-1.png\",\"contentUrl\":\"https:\/\/xbitcc.com\/wp-content\/uploads\/2021\/03\/Artboard-1-1.png\",\"width\":747,\"height\":562,\"caption\":\"xbitcc\"},\"image\":{\"@id\":\"https:\/\/xbitcc.com\/#\/schema\/logo\/image\/\"}}]}<\/script>\n<!-- \/ Yoast SEO Premium plugin. -->","yoast_head_json":{"title":"Cont\u00e1ctenos | Xbit Coin","description":"P\u00e1gina de contacto de XBITCC: todo lo que necesita sobre n\u00famero de tel\u00e9fono, correo, fax y todas las formas de contacto. Bienvenido .........","robots":{"index":"index","follow":"follow","max-snippet":"max-snippet:-1","max-image-preview":"max-image-preview:large","max-video-preview":"max-video-preview:-1"},"canonical":"https:\/\/xbitcc.com\/es\/contacts\/","og_locale":"es_ES","og_type":"article","og_title":"Cont\u00e1ctenos","og_description":"P\u00e1gina de contacto de XBITCC: todo lo que necesita sobre n\u00famero de tel\u00e9fono, correo, fax y todas las formas de contacto. Bienvenido .........","og_url":"https:\/\/xbitcc.com\/es\/contacts\/","og_site_name":"Xbit Coin","article_modified_time":"2021-09-05T08:18:06+00:00","og_image":[{"url":"https:\/\/xbitcc.com\/wp-content\/uploads\/2021\/05\/contact-xbit.jpg"}],"twitter_card":"summary_large_image","schema":{"@context":"https:\/\/schema.org","@graph":[{"@type":["WebPage","ContactPage"],"@id":"https:\/\/xbitcc.com\/es\/contacts\/","url":"https:\/\/xbitcc.com\/es\/contacts\/","name":"Cont\u00e1ctenos | Xbit Coin","isPartOf":{"@id":"https:\/\/xbitcc.com\/#website"},"datePublished":"2021-03-25T13:14:41+00:00","dateModified":"2021-09-05T08:18:06+00:00","description":"P\u00e1gina de contacto de XBITCC: todo lo que necesita sobre n\u00famero de tel\u00e9fono, correo, fax y todas las formas de contacto. Bienvenido .........","breadcrumb":{"@id":"https:\/\/xbitcc.com\/es\/contacts\/#breadcrumb"},"inLanguage":"es","potentialAction":[{"@type":"ReadAction","target":["https:\/\/xbitcc.com\/es\/contacts\/"]}]},{"@type":"BreadcrumbList","@id":"https:\/\/xbitcc.com\/es\/contacts\/#breadcrumb","itemListElement":[{"@type":"ListItem","position":1,"name":"Home","item":"https:\/\/xbitcc.com\/es\/"},{"@type":"ListItem","position":2,"name":"Cont\u00e1ctenos"}]},{"@type":"WebSite","@id":"https:\/\/xbitcc.com\/#website","url":"https:\/\/xbitcc.com\/","name":"Xbit Coin","description":"Technical Information of Xbit","publisher":{"@id":"https:\/\/xbitcc.com\/#organization"},"potentialAction":[{"@type":"SearchAction","target":{"@type":"EntryPoint","urlTemplate":"https:\/\/xbitcc.com\/?s={search_term_string}"},"query-input":"required name=search_term_string"}],"inLanguage":"es"},{"@type":"Organization","@id":"https:\/\/xbitcc.com\/#organization","name":"xbitcc","url":"https:\/\/xbitcc.com\/","logo":{"@type":"ImageObject","inLanguage":"es","@id":"https:\/\/xbitcc.com\/#\/schema\/logo\/image\/","url":"https:\/\/xbitcc.com\/wp-content\/uploads\/2021\/03\/Artboard-1-1.png","contentUrl":"https:\/\/xbitcc.com\/wp-content\/uploads\/2021\/03\/Artboard-1-1.png","width":747,"height":562,"caption":"xbitcc"},"image":{"@id":"https:\/\/xbitcc.com\/#\/schema\/logo\/image\/"}}]}},"_links":{"self":[{"href":"https:\/\/xbitcc.com\/es\/wp-json\/wp\/v2\/pages\/10432"}],"collection":[{"href":"https:\/\/xbitcc.com\/es\/wp-json\/wp\/v2\/pages"}],"about":[{"href":"https:\/\/xbitcc.com\/es\/wp-json\/wp\/v2\/types\/page"}],"author":[{"embeddable":true,"href":"https:\/\/xbitcc.com\/es\/wp-json\/wp\/v2\/users\/4"}],"replies":[{"embeddable":true,"href":"https:\/\/xbitcc.com\/es\/wp-json\/wp\/v2\/comments?post=10432"}],"version-history":[{"count":23,"href":"https:\/\/xbitcc.com\/es\/wp-json\/wp\/v2\/pages\/10432\/revisions"}],"predecessor-version":[{"id":12609,"href":"https:\/\/xbitcc.com\/es\/wp-json\/wp\/v2\/pages\/10432\/revisions\/12609"}],"wp:attachment":[{"href":"https:\/\/xbitcc.com\/es\/wp-json\/wp\/v2\/media?parent=10432"}],"curies":[{"name":"wp","href":"https:\/\/api.w.org\/{rel}","templated":true}]}}