{"id":11993,"date":"2021-05-15T20:42:46","date_gmt":"2021-05-15T20:42:46","guid":{"rendered":"https:\/\/xbitcc.com\/?page_id=11993"},"modified":"2021-09-05T07:56:13","modified_gmt":"2021-09-05T07:56:13","slug":"introduction-wxbit","status":"publish","type":"page","link":"https:\/\/xbitcc.com\/de\/introduction-wxbit\/","title":{"rendered":"Introduction Wxbit"},"content":{"rendered":"<p><section class=\"kc-elm kc-css-651847 kc_row\"><div class=\"befbgr\" data-ssc-svg=\"\" data-ssc-img-s=\"\" data-ssc-img-anim=\"\"><\/div><div class=\"befbgr\" data-ssc-svg=\"\" data-ssc-img-s=\"\" data-ssc-img-anim=\"\"><\/div><div class=\"aftbgr\" data-ssc-svg=\"\" data-ssc-img-s=\"\" data-ssc-img-anim=\"\"><\/div><div class=\"aftbgr\" data-ssc-svg=\"\" data-ssc-img-s=\"\" data-ssc-img-anim=\"\"><\/div><div class=\"befbgr5\" data-ssc-svg=\"\" data-ssc-img-s=\"\" data-ssc-img-anim=\"\"><\/div><div class=\"befbgr6\" data-ssc-svg=\"\" data-ssc-img-s=\"\" data-ssc-img-anim=\"\"><\/div><div class=\"aftbgr7\" data-ssc-svg=\"\" data-ssc-img-s=\"\" data-ssc-img-anim=\"\"><\/div><div class=\"aftbgr8\" data-ssc-svg=\"\" data-ssc-img-s=\"\" data-ssc-img-anim=\"\"><\/div><div class=\"kc-row-container  kc-container\"><div class=\"kc-wrap-columns\"><div class=\"kc-elm kc-css-5122 kc_col-sm-6 kc_column kc_col-sm-6\"><div class=\"kc-col-container\"><div class=\"kc-elm kc-css-735088 kc-animated kc-animate-eff-fadeInDown kc_shortcode kc_single_image\">\n\n        <img    data-src=\"https:\/\/xbitcc.com\/wp-content\/uploads\/2021\/05\/wrapped-xbit-coin.jpg\" class=\" lazyload\" alt=\"\" \/>    <\/div>\n<div  class=\"ssc_btn kc-elm kc-css-288904 kc-animated kc-animate-eff-fadeInDown kc-animate-delay-300  anim3\"><a class=\"ssc_button popup-youtube\" href=\"https:\/\/www.youtube.com\/watch?v=4rwc99QCrJk\" target=\"_blank\"><span><strong><i class=\"fa-play\"><\/i><\/strong><\/span> <\/a><\/div><\/div><\/div><div class=\"kc-elm kc-css-570431 kc_col-sm-6 kc_column kc_col-sm-6\"><div class=\"kc-col-container\"><div  class=\"ssc_mltttl  kc-elm kc-css-506213 subtiline\"><div class=\"wr deb derb dea dera none nonea\"><span class=\"t1\">Wrapped xbit <\/span><\/div><\/div><div class=\"kc-elm kc-css-502616 kc_text_block\"><\/p>\n<p>Wrapped Xbit (WXBT) ist ein ERC-20 Token mit 30 Millionen Xbit Coins (XBT) im Ethereum Netzwerk und 30 Millionen WXBT im Binance BEP20 (BSC) und 30 Millionen WXBT auf der Tron TRC20 Blockchain.<\/p>\n<p>\n<\/div><\/div><\/div><\/div><\/div><\/section><section class=\"kc-elm kc-css-764836 kc_row backgroundof5grid\"><div class=\"befbgr\" data-ssc-svg=\"\" data-ssc-img-s=\"full\" data-ssc-img-anim=\"\"><\/div><div class=\"befbgr\" data-ssc-svg=\"\" data-ssc-img-s=\"full\" data-ssc-img-anim=\"\"><\/div><div class=\"aftbgr\" data-ssc-svg=\"\" data-ssc-img-s=\"full\" data-ssc-img-anim=\"\"><\/div><div class=\"aftbgr\" data-ssc-svg=\"\" data-ssc-img-s=\"full\" data-ssc-img-anim=\"\"><\/div><div class=\"befbgr5\" data-ssc-svg=\"\" data-ssc-img-s=\"full\" data-ssc-img-anim=\"\"><\/div><div class=\"befbgr6\" data-ssc-svg=\"\" data-ssc-img-s=\"full\" data-ssc-img-anim=\"\"><\/div><div class=\"aftbgr7\" data-ssc-svg=\"\" data-ssc-img-s=\"full\" data-ssc-img-anim=\"\"><\/div><div class=\"aftbgr8\" data-ssc-svg=\"\" data-ssc-img-s=\"full\" data-ssc-img-anim=\"\"><\/div><div class=\"kc-row-container  kc-container\"><div class=\"kc-wrap-columns\"><div class=\"kc-elm kc-css-752415 kc_col-sm-12 kc_column kc_col-sm-12\"><div class=\"kc-col-container\"><div  class=\"ssc_mltttl  kc-elm kc-css-890390 subtilines\"><div class=\"wr deb derb dea dera none nonea\"><span class=\"t1\">90 MILLIONEN WRAPPED XBIT (WXBT) TOKENS<\/span><\/div><\/div><div id=\"gridiconbox\" class=\"kc-elm kc-css-376782 kc_row kc_row_inner sst-flex-row-inner\"><div class=\"kc-elm kc-css-278342 kc_col-sm-4 kc_column_inner kc_col-sm-4\"><div class=\"kc_wrapper kc-col-inner-container\"><div  class=\"ssc_icon_box kc-elm kc-css-480420 template3 \"><div class=\"icon_box\"><div class=\"bgr_no\" style=\"width:100px; height:100px;\"><div> <\/div><\/div><div class=\"c_img\" style=\"margin-top: -100px; line-height:100px; height:100px; width:100px;\"><img class=\"lazyload\"    data-src=\"https:\/\/xbitcc.com\/wp-content\/uploads\/2021\/04\/Asset-4@2x.png\" alt=\"WXBTTRC-20 Token(Tron)\" style=\"max-width: 75px; max-height: 75px;margin-top: calc((100px - 75px)\/2);\"><\/div><\/div><div class=\"cont_box\"><div class=\"title\">WXBTTRC-20 Token(Tron)<\/div><div class=\"description lines0\"><\/p>\n<p>30 Millionen<br \/>Contract:THKoiYVMnqhwNRwk61ibJPbvCZXapb7tjb<br \/>Explorer: <a href=\"https:\/\/etherscan.io\/token\/0x082600822cdd61815f9550ecc34aa8af59e8185a\">Etherscan<\/a><\/p>\n<p><\/div><\/div><\/div><\/div><\/div><div class=\"kc-elm kc-css-65201 kc_col-sm-4 kc_column_inner kc_col-sm-4\"><div class=\"kc_wrapper kc-col-inner-container\"><div  class=\"ssc_icon_box kc-elm kc-css-292368 template3 \"><div class=\"icon_box\"><div class=\"bgr_no\" style=\"width:100px; height:100px;\"><div> <\/div><\/div><div class=\"c_img\" style=\"margin-top: -100px; line-height:100px; height:100px; width:100px;\"><img class=\"lazyload\"    data-src=\"https:\/\/xbitcc.com\/wp-content\/uploads\/2021\/04\/Asset-4@2x.png\" alt=\"WXBTBEP-20 Token(Binance)\" style=\"max-width: 75px; max-height: 75px;margin-top: calc((100px - 75px)\/2);\"><\/div><\/div><div class=\"cont_box\"><div class=\"title\">WXBTBEP-20 Token(Binance)<\/div><div class=\"description lines0\"><\/p>\n<p>30 Millionen<br \/>Contract::0x9cc13409442d52d2f27618bc2d76be59043ba6ee<br \/>Explorer: <a href=\"https:\/\/bscscan.com\/token\/0x9cc13409442d52d2f27618bc2d76be59043ba6ee\">BscScan<\/a><\/p>\n<p><\/div><\/div><\/div><\/div><\/div><div class=\"kc-elm kc-css-410239 kc_col-sm-4 kc_column_inner kc_col-sm-4\"><div class=\"kc_wrapper kc-col-inner-container\"><div  class=\"ssc_icon_box kc-elm kc-css-441323 template3 \"><div class=\"icon_box\"><div class=\"bgr_no\" style=\"width:100px; height:100px;\"><div> <\/div><\/div><div class=\"c_img\" style=\"margin-top: -100px; line-height:100px; height:100px; width:100px;\"><img class=\"lazyload\"    data-src=\"https:\/\/xbitcc.com\/wp-content\/uploads\/2021\/04\/Asset-4@2x.png\" alt=\"WXBTERC-20 Token(Ethereum)\" style=\"max-width: 75px; max-height: 75px;margin-top: calc((100px - 75px)\/2);\"><\/div><\/div><div class=\"cont_box\"><div class=\"title\">WXBTERC-20 Token(Ethereum)<\/div><div class=\"description lines0\"><\/p>\n<p>30 Millionen<br \/>Contract:0x082600822cdd61815f9550ecc34aa8af59e8185a<br \/>Explorer: <a href=\"https:\/\/tronscan.org\/#\/contract\/THKoiYVMnqhwNRwk61ibJPbvCZXapb7tjb\/transactions\">TronScan<\/a><\/p>\n<p><\/div><\/div><\/div><\/div><\/div><\/div><\/div><\/div><\/div><\/div><\/section><section class=\"kc-elm kc-css-685194 kc_row\"><div class=\"befbgr\" data-ssc-svg=\"\" data-ssc-img-s=\"full\" data-ssc-img-anim=\"\"><\/div><div class=\"befbgr\" data-ssc-svg=\"\" data-ssc-img-s=\"full\" data-ssc-img-anim=\"\"><\/div><div class=\"aftbgr\" data-ssc-svg=\"\" data-ssc-img-s=\"full\" data-ssc-img-anim=\"\"><\/div><div class=\"aftbgr\" data-ssc-svg=\"\" data-ssc-img-s=\"full\" data-ssc-img-anim=\"\"><\/div><div class=\"befbgr5\" data-ssc-svg=\"\" data-ssc-img-s=\"full\" data-ssc-img-anim=\"\"><\/div><div class=\"befbgr6\" data-ssc-svg=\"\" data-ssc-img-s=\"full\" data-ssc-img-anim=\"\"><\/div><div class=\"aftbgr7\" data-ssc-svg=\"\" data-ssc-img-s=\"full\" data-ssc-img-anim=\"\"><\/div><div class=\"aftbgr8\" data-ssc-svg=\"\" data-ssc-img-s=\"full\" data-ssc-img-anim=\"\"><\/div><div class=\"kc-row-container  kc-container\"><div class=\"kc-wrap-columns\"><div class=\"kc-elm kc-css-578547 kc_col-sm-12 kc_column kc_col-sm-12\"><div class=\"kc-col-container\"><div  class=\"ssc_mltttl  kc-elm kc-css-523737 subtilines\"><div class=\"wr deb derb dea dera none nonea\"><span class=\"t1\">ERWEITERUNGEN<\/span><\/div><\/div><div class=\"message-boxes kc-elm kc-css-117708\">\n\t<div class=\"message-box-wrap\">\n\t\t<i class=\"fa-chevron-circle-right\"><\/i>Ein wichtiger Vorteil von WXBT ist die Integration in die Welt von Ethereum, Tron und Binance wallets, dapps, und smart contracts.\t<\/div>\n<\/div>\n<div class=\"message-boxes kc-elm kc-css-898770\">\n\t<div class=\"message-box-wrap\">\n\t\t<i class=\"fa-chevron-circle-right\"><\/i>Auf der Hauptwebseite von Xbit und den gelisteten Tauschb\u00f6rsen, kann 1 Xbit gegen 1 Wrapped Xbit getauscht werden oder umegekehrt. WXBT wurde kreiert um den Xbit Besitzer die M\u00f6glichkeit zu bieten, um in den dezentralen Finanz Apps (DeFi) mitpartizipieren zu k\u00f6nnen.\t<\/div>\n<\/div>\n<div class=\"message-boxes kc-elm kc-css-526836\">\n\t<div class=\"message-box-wrap\">\n\t\t<i class=\"fa-chevron-circle-right\"><\/i>Die XBT welche WXBT decken, sind transparent \u00fcberpr\u00fcfbar durch ein \"Proof of Reserve\" -System, welches die 1: 1-Absicherung zwischen den WXBT-Token und den Xbit \u00fcberpr\u00fcft. Diese werden in der vom Xbit-Whitepaper genannten Depotbank gespeichert. WXBT wird von der Bit Gaming LLC verwaltet. \t<\/div>\n<\/div>\n<div class=\"message-boxes kc-elm kc-css-165033\">\n\t<div class=\"message-box-wrap\">\n\t\t<i class=\"fa-chevron-circle-right\"><\/i>F\u00fcr Xbit wurde ein Cold Wallet kreiert. 90 Millionen Xbit Coins von den 1 Milliarden Coins werden in diesem Wallet gespeichert und gehalten.\t<\/div>\n<\/div>\n<\/div><\/div><\/div><\/div><\/section><\/p>\n","protected":false},"excerpt":{"rendered":"","protected":false},"author":4,"featured_media":0,"parent":0,"menu_order":0,"comment_status":"closed","ping_status":"closed","template":"","meta":[],"yoast_head":"<!-- This site is optimized with the Yoast SEO Premium plugin v16.9 (Yoast SEO v20.1) - https:\/\/yoast.com\/wordpress\/plugins\/seo\/ -->\n<title>Introduction Wxbit | Xbit Coin<\/title>\n<meta name=\"description\" content=\"Wrapped Xbit oder WXBT ist ein Token basierend auf dem Blockchain-Netzwerk von Xbit Coin. Insgesamt stehen 90 Millionen WXBT-Token zur Verf\u00fcgung.\" \/>\n<meta name=\"robots\" content=\"index, follow, max-snippet:-1, max-image-preview:large, max-video-preview:-1\" \/>\n<link rel=\"canonical\" href=\"https:\/\/xbitcc.com\/de\/introduction-wxbit\/\" \/>\n<meta property=\"og:locale\" content=\"de_DE\" \/>\n<meta property=\"og:type\" content=\"article\" \/>\n<meta property=\"og:title\" content=\"Introduction Wxbit\" \/>\n<meta property=\"og:description\" content=\"Wrapped Xbit oder WXBT ist ein Token basierend auf dem Blockchain-Netzwerk von Xbit Coin. Insgesamt stehen 90 Millionen WXBT-Token zur Verf\u00fcgung.\" \/>\n<meta property=\"og:url\" content=\"https:\/\/xbitcc.com\/de\/introduction-wxbit\/\" \/>\n<meta property=\"og:site_name\" content=\"Xbit Coin\" \/>\n<meta property=\"article:modified_time\" content=\"2021-09-05T07:56:13+00:00\" \/>\n<meta property=\"og:image\" content=\"https:\/\/xbitcc.com\/wp-content\/uploads\/2021\/05\/wrapped-xbit-coin.jpg\" \/>\n<meta name=\"twitter:card\" content=\"summary_large_image\" \/>\n<meta name=\"twitter:label1\" content=\"Gesch\u00e4tzte Lesezeit\" \/>\n\t<meta name=\"twitter:data1\" content=\"1\u00a0Minute\" \/>\n<script type=\"application\/ld+json\" class=\"yoast-schema-graph\">{\"@context\":\"https:\/\/schema.org\",\"@graph\":[{\"@type\":[\"WebPage\",\"AboutPage\"],\"@id\":\"https:\/\/xbitcc.com\/de\/introduction-wxbit\/\",\"url\":\"https:\/\/xbitcc.com\/de\/introduction-wxbit\/\",\"name\":\"Introduction Wxbit | Xbit Coin\",\"isPartOf\":{\"@id\":\"https:\/\/xbitcc.com\/#website\"},\"datePublished\":\"2021-05-15T20:42:46+00:00\",\"dateModified\":\"2021-09-05T07:56:13+00:00\",\"description\":\"Wrapped Xbit oder WXBT ist ein Token basierend auf dem Blockchain-Netzwerk von Xbit Coin. Insgesamt stehen 90 Millionen WXBT-Token zur Verf\u00fcgung.\",\"breadcrumb\":{\"@id\":\"https:\/\/xbitcc.com\/de\/introduction-wxbit\/#breadcrumb\"},\"inLanguage\":\"de\",\"potentialAction\":[{\"@type\":\"ReadAction\",\"target\":[\"https:\/\/xbitcc.com\/de\/introduction-wxbit\/\"]}]},{\"@type\":\"BreadcrumbList\",\"@id\":\"https:\/\/xbitcc.com\/de\/introduction-wxbit\/#breadcrumb\",\"itemListElement\":[{\"@type\":\"ListItem\",\"position\":1,\"name\":\"Home\",\"item\":\"https:\/\/xbitcc.com\/de\/\"},{\"@type\":\"ListItem\",\"position\":2,\"name\":\"Introduction Wxbit\"}]},{\"@type\":\"WebSite\",\"@id\":\"https:\/\/xbitcc.com\/#website\",\"url\":\"https:\/\/xbitcc.com\/\",\"name\":\"Xbit Coin\",\"description\":\"Technical Information of Xbit\",\"publisher\":{\"@id\":\"https:\/\/xbitcc.com\/#organization\"},\"potentialAction\":[{\"@type\":\"SearchAction\",\"target\":{\"@type\":\"EntryPoint\",\"urlTemplate\":\"https:\/\/xbitcc.com\/?s={search_term_string}\"},\"query-input\":\"required name=search_term_string\"}],\"inLanguage\":\"de\"},{\"@type\":\"Organization\",\"@id\":\"https:\/\/xbitcc.com\/#organization\",\"name\":\"xbitcc\",\"url\":\"https:\/\/xbitcc.com\/\",\"logo\":{\"@type\":\"ImageObject\",\"inLanguage\":\"de\",\"@id\":\"https:\/\/xbitcc.com\/#\/schema\/logo\/image\/\",\"url\":\"https:\/\/xbitcc.com\/wp-content\/uploads\/2021\/03\/Artboard-1-1.png\",\"contentUrl\":\"https:\/\/xbitcc.com\/wp-content\/uploads\/2021\/03\/Artboard-1-1.png\",\"width\":747,\"height\":562,\"caption\":\"xbitcc\"},\"image\":{\"@id\":\"https:\/\/xbitcc.com\/#\/schema\/logo\/image\/\"}}]}<\/script>\n<!-- \/ Yoast SEO Premium plugin. -->","yoast_head_json":{"title":"Introduction Wxbit | Xbit Coin","description":"Wrapped Xbit oder WXBT ist ein Token basierend auf dem Blockchain-Netzwerk von Xbit Coin. Insgesamt stehen 90 Millionen WXBT-Token zur Verf\u00fcgung.","robots":{"index":"index","follow":"follow","max-snippet":"max-snippet:-1","max-image-preview":"max-image-preview:large","max-video-preview":"max-video-preview:-1"},"canonical":"https:\/\/xbitcc.com\/de\/introduction-wxbit\/","og_locale":"de_DE","og_type":"article","og_title":"Introduction Wxbit","og_description":"Wrapped Xbit oder WXBT ist ein Token basierend auf dem Blockchain-Netzwerk von Xbit Coin. Insgesamt stehen 90 Millionen WXBT-Token zur Verf\u00fcgung.","og_url":"https:\/\/xbitcc.com\/de\/introduction-wxbit\/","og_site_name":"Xbit Coin","article_modified_time":"2021-09-05T07:56:13+00:00","og_image":[{"url":"https:\/\/xbitcc.com\/wp-content\/uploads\/2021\/05\/wrapped-xbit-coin.jpg"}],"twitter_card":"summary_large_image","twitter_misc":{"Gesch\u00e4tzte Lesezeit":"1\u00a0Minute"},"schema":{"@context":"https:\/\/schema.org","@graph":[{"@type":["WebPage","AboutPage"],"@id":"https:\/\/xbitcc.com\/de\/introduction-wxbit\/","url":"https:\/\/xbitcc.com\/de\/introduction-wxbit\/","name":"Introduction Wxbit | Xbit Coin","isPartOf":{"@id":"https:\/\/xbitcc.com\/#website"},"datePublished":"2021-05-15T20:42:46+00:00","dateModified":"2021-09-05T07:56:13+00:00","description":"Wrapped Xbit oder WXBT ist ein Token basierend auf dem Blockchain-Netzwerk von Xbit Coin. Insgesamt stehen 90 Millionen WXBT-Token zur Verf\u00fcgung.","breadcrumb":{"@id":"https:\/\/xbitcc.com\/de\/introduction-wxbit\/#breadcrumb"},"inLanguage":"de","potentialAction":[{"@type":"ReadAction","target":["https:\/\/xbitcc.com\/de\/introduction-wxbit\/"]}]},{"@type":"BreadcrumbList","@id":"https:\/\/xbitcc.com\/de\/introduction-wxbit\/#breadcrumb","itemListElement":[{"@type":"ListItem","position":1,"name":"Home","item":"https:\/\/xbitcc.com\/de\/"},{"@type":"ListItem","position":2,"name":"Introduction Wxbit"}]},{"@type":"WebSite","@id":"https:\/\/xbitcc.com\/#website","url":"https:\/\/xbitcc.com\/","name":"Xbit Coin","description":"Technical Information of Xbit","publisher":{"@id":"https:\/\/xbitcc.com\/#organization"},"potentialAction":[{"@type":"SearchAction","target":{"@type":"EntryPoint","urlTemplate":"https:\/\/xbitcc.com\/?s={search_term_string}"},"query-input":"required name=search_term_string"}],"inLanguage":"de"},{"@type":"Organization","@id":"https:\/\/xbitcc.com\/#organization","name":"xbitcc","url":"https:\/\/xbitcc.com\/","logo":{"@type":"ImageObject","inLanguage":"de","@id":"https:\/\/xbitcc.com\/#\/schema\/logo\/image\/","url":"https:\/\/xbitcc.com\/wp-content\/uploads\/2021\/03\/Artboard-1-1.png","contentUrl":"https:\/\/xbitcc.com\/wp-content\/uploads\/2021\/03\/Artboard-1-1.png","width":747,"height":562,"caption":"xbitcc"},"image":{"@id":"https:\/\/xbitcc.com\/#\/schema\/logo\/image\/"}}]}},"_links":{"self":[{"href":"https:\/\/xbitcc.com\/de\/wp-json\/wp\/v2\/pages\/11993"}],"collection":[{"href":"https:\/\/xbitcc.com\/de\/wp-json\/wp\/v2\/pages"}],"about":[{"href":"https:\/\/xbitcc.com\/de\/wp-json\/wp\/v2\/types\/page"}],"author":[{"embeddable":true,"href":"https:\/\/xbitcc.com\/de\/wp-json\/wp\/v2\/users\/4"}],"replies":[{"embeddable":true,"href":"https:\/\/xbitcc.com\/de\/wp-json\/wp\/v2\/comments?post=11993"}],"version-history":[{"count":8,"href":"https:\/\/xbitcc.com\/de\/wp-json\/wp\/v2\/pages\/11993\/revisions"}],"predecessor-version":[{"id":12600,"href":"https:\/\/xbitcc.com\/de\/wp-json\/wp\/v2\/pages\/11993\/revisions\/12600"}],"wp:attachment":[{"href":"https:\/\/xbitcc.com\/de\/wp-json\/wp\/v2\/media?parent=11993"}],"curies":[{"name":"wp","href":"https:\/\/api.w.org\/{rel}","templated":true}]}}